{"id":103,"date":"2021-11-13T13:08:12","date_gmt":"2021-11-13T13:08:12","guid":{"rendered":"http:\/\/www.calm-ebsd.com\/?page_id=103"},"modified":"2021-11-28T08:46:15","modified_gmt":"2021-11-28T08:46:15","slug":"introduction-2","status":"publish","type":"page","link":"https:\/\/www.calm-ebsd.com\/index.php\/introduction-2\/","title":{"rendered":"Insights"},"content":{"rendered":"\n<p>Kikuchi patterns are used <strong>for<\/strong> the <strong>orientation determination<\/strong> of diffracting crystals. For this purpose, <strong>the<\/strong> expected<strong> phases <\/strong>for the investigated material <strong>must be known<\/strong>. <br>However, what happens in case of unexpected phases?<\/p>\n\n\n\n<div class=\"wp-block-columns\">\n<div class=\"wp-block-column is-vertically-aligned-bottom\" style=\"flex-basis:50%\">\n<figure class=\"wp-block-image size-full is-resized\"><img loading=\"lazy\" src=\"http:\/\/www.calm-ebsd.com\/wp-content\/uploads\/2021\/11\/Kappel_193_Arsenopyrite.bmp\" alt=\"\" class=\"wp-image-243\" width=\"416\" height=\"312\" srcset=\"https:\/\/www.calm-ebsd.com\/wp-content\/uploads\/2021\/11\/Kappel_193_Arsenopyrite.bmp 800w, https:\/\/www.calm-ebsd.com\/wp-content\/uploads\/2021\/11\/Kappel_193_Arsenopyrite-300x225.jpg 300w, https:\/\/www.calm-ebsd.com\/wp-content\/uploads\/2021\/11\/Kappel_193_Arsenopyrite-768x576.jpg 768w, https:\/\/www.calm-ebsd.com\/wp-content\/uploads\/2021\/11\/Kappel_193_Arsenopyrite-360x270.jpg 360w\" sizes=\"(max-width: 416px) 100vw, 416px\" \/><\/figure>\n<\/div>\n\n\n\n<div class=\"wp-block-column is-vertically-aligned-bottom\" style=\"flex-basis:50%\">\n<p class=\"has-small-font-size\"><em>Kikuchi pattern of triclinic arsenopyrite (FeAsS)<\/em><br><em>This phase is pseudo-monoclinic:<br>a=5.74\u00c5, b= 5.67\u00c5, c= 5.79\u00c5,  \u03b1=90\u00b0, \u03b2= 112.3\u00b0, \u03b3=90\u00b0 <\/em><\/p>\n<\/div>\n<\/div>\n\n\n\n<p>This leads to the following <strong>negative scenarios<\/strong>:<\/p>\n\n\n\n<ol><li>phases are <strong>overseen and falsely described<\/strong> by others,<\/li><li>phases have to be <strong>considered subsequently<\/strong>, and &#8211; the worst case &#8211;<\/li><li><strong>phases are unknown<\/strong> and cannot be described at all.<\/li><\/ol>\n\n\n\n<p>Especially the third case is very disappointing, when you have high quality patterns but cannot assign them to a phase and orientation.<strong> <\/strong><\/p>\n\n\n\n<p style=\"font-size:18px\"><strong>What is a phase?<\/strong> What does this term actually stand for?<\/p>\n\n\n\n<blockquote class=\"wp-block-quote\"><p>A crystalline phase describes a volume with <strong>homogeneous chemical composition<\/strong>, in which the arrangement of atoms <strong>as well as<\/strong> the configuration of their environment is identical. This periodic structure is called the <strong>crystal structure<\/strong> of the phase.<\/p><\/blockquote>\n\n\n\n<p>The <strong>chemical compositions<\/strong> are usually <strong>easy to determine<\/strong>. A <strong>differentiation of<\/strong> crystal <strong>structures<\/strong> is more <strong>complicated<\/strong>. In such cases, one uses a trick: <\/p>\n\n\n\n<p class=\"has-large-font-size\">Replace a difficult problem with one that is easier to solve!<\/p>\n\n\n\n<p>The structurally diverse configuration using different elements leads to the fact that <strong>the periodicity of the structure<\/strong>, described as a purely mathematical translational lattice and visualized as points,<strong> is<\/strong> practically <strong>different for each phase<\/strong>.<br>Thus, one very likely does not need any structural data at all to recognize a phase. <br><strong>For a successful separation of phases<\/strong>, the so-called <strong>lattice parameters are sufficient<\/strong> in almost all cases.<br><em>The probability that two different phases are chemically identical and also described by identical lattice parameters is practically zero.<\/em><\/p>\n","protected":false},"excerpt":{"rendered":"<p>Kikuchi patterns are used for the orientation determination of diffracting crystals. For this purpose, the expected phases for the investigated material must be known. However, what happens in case of unexpected phases? Kikuchi pattern of triclinic arsenopyrite (FeAsS)This phase is <a href=\"https:\/\/www.calm-ebsd.com\/index.php\/introduction-2\/\" class=\"read-more\">Read More &#8230;<\/a><\/p>\n","protected":false},"author":1,"featured_media":0,"parent":0,"menu_order":5,"comment_status":"closed","ping_status":"closed","template":"","meta":[],"_links":{"self":[{"href":"https:\/\/www.calm-ebsd.com\/index.php\/wp-json\/wp\/v2\/pages\/103"}],"collection":[{"href":"https:\/\/www.calm-ebsd.com\/index.php\/wp-json\/wp\/v2\/pages"}],"about":[{"href":"https:\/\/www.calm-ebsd.com\/index.php\/wp-json\/wp\/v2\/types\/page"}],"author":[{"embeddable":true,"href":"https:\/\/www.calm-ebsd.com\/index.php\/wp-json\/wp\/v2\/users\/1"}],"replies":[{"embeddable":true,"href":"https:\/\/www.calm-ebsd.com\/index.php\/wp-json\/wp\/v2\/comments?post=103"}],"version-history":[{"count":67,"href":"https:\/\/www.calm-ebsd.com\/index.php\/wp-json\/wp\/v2\/pages\/103\/revisions"}],"predecessor-version":[{"id":1065,"href":"https:\/\/www.calm-ebsd.com\/index.php\/wp-json\/wp\/v2\/pages\/103\/revisions\/1065"}],"wp:attachment":[{"href":"https:\/\/www.calm-ebsd.com\/index.php\/wp-json\/wp\/v2\/media?parent=103"}],"curies":[{"name":"wp","href":"https:\/\/api.w.org\/{rel}","templated":true}]}}